{"id":4609,"date":"2023-12-10T22:21:59","date_gmt":"2023-12-10T22:21:59","guid":{"rendered":"https:\/\/dimensionoscope.com\/politica-de-privacidade-2\/"},"modified":"2023-12-11T14:59:56","modified_gmt":"2023-12-11T14:59:56","slug":"politica-de-cookies","status":"publish","type":"page","link":"https:\/\/dimensionoscope.com\/en\/politica-de-cookies\/","title":{"rendered":"Cookie Policy"},"content":{"rendered":"<div  class=\"tatsu-S1Y_DJTyT tatsu-section  tatsu-bg-overlay   tatsu-clearfix\" data-title=\"\"  data-headerscheme=\"background--dark\"><div class='tatsu-section-pad clearfix' data-padding='{\"d\":\"175px 0px 250px 0px\",\"m\":\"175px 0px 175px 0px\"}' data-padding-top='175px'><div class=\"tatsu-row-wrap  tatsu-wrap tatsu-row-one-col tatsu-row-has-one-cols tatsu-medium-gutter tatsu-reg-cols  tatsu-clearfix tatsu-rJltOvyaya\" ><div  class=\"tatsu-row\" ><div  class=\"tatsu-column  tatsu-column-no-bg tatsu-one-col tatsu-column-image-none tatsu-column-effect-none  tatsu-Bk-KuDypkp\"  data-parallax-speed=\"0\" style=\"\"><div class=\"tatsu-column-inner\" ><div class=\"tatsu-column-pad-wrap\"><div class=\"tatsu-column-pad\" ><div  class=\"tatsu-module tatsu-text-block-wrap tatsu-HkxKHvUN6\"><div class=\"tatsu-text-inner tatsu-align-center  clearfix\" ><style>.tatsu-HkxKHvUN6.tatsu-text-block-wrap .tatsu-text-inner{width: 100%;text-align: left;padding: 0px 3px 0px 0px;}.tatsu-HkxKHvUN6.tatsu-text-block-wrap{margin: 0px 0px 30px 25px;}<\/style>\n<h5><strong><span style=\"font-size: 18pt; color: #ffffff;\">POL\u00cdTICA DE COOKIES<\/span><\/strong><\/h5>\n<\/div><\/div><\/div><\/div><div class = \"tatsu-column-bg-image-wrap\"><div class = \"tatsu-column-bg-image\" ><\/div><\/div><\/div><style>.tatsu-row > .tatsu-Bk-KuDypkp.tatsu-column{width: 100%;}.tatsu-Bk-KuDypkp.tatsu-column > .tatsu-column-inner > .tatsu-column-overlay{mix-blend-mode: none;}.tatsu-Bk-KuDypkp > .tatsu-column-inner > .tatsu-top-divider{z-index: 9999;}.tatsu-Bk-KuDypkp > .tatsu-column-inner > .tatsu-bottom-divider{z-index: 9999;}.tatsu-Bk-KuDypkp > .tatsu-column-inner > .tatsu-left-divider{z-index: 9999;}.tatsu-Bk-KuDypkp > .tatsu-column-inner > .tatsu-right-divider{z-index: 9999;}<\/style><\/div><\/div><\/div><\/div><div class=\"tatsu-section-background-wrap\"><div class = \"tatsu-section-background\" ><\/div><\/div><div class=\"tatsu-overlay tatsu-section-overlay\"><\/div><style>.tatsu-S1Y_DJTyT .tatsu-section-background{background-image: url(https:\/\/dimensionoscope.com\/wp-content\/uploads\/2023\/09\/FAQS-1.jpg);background-repeat: no-repeat;background-attachment: scroll;background-position: center center;background-size: cover;}.tatsu-S1Y_DJTyT .tatsu-bg-blur{background-repeat: no-repeat;background-attachment: scroll;background-position: center center;background-size: cover;}.tatsu-S1Y_DJTyT .tatsu-section-pad{padding: 175px 0px 250px 0px;}.tatsu-S1Y_DJTyT > .tatsu-bottom-divider{z-index: 9999;}.tatsu-S1Y_DJTyT > .tatsu-top-divider{z-index: 9999;}.tatsu-S1Y_DJTyT .tatsu-section-overlay{background: linear-gradient(45deg, rgba(255,255,255,1) 0%, rgba(0,0,0,1) 100%);mix-blend-mode: multiply;}@media only screen and (max-width: 767px) {.tatsu-S1Y_DJTyT .tatsu-section-pad{padding: 175px 0px 175px 0px;}}<\/style><\/div><div  class=\"tatsu-SJbdwClay6 tatsu-section  tatsu-bg-overlay   tatsu-clearfix\" data-title=\"\"  data-headerscheme=\"background--dark\"><div class='tatsu-section-pad clearfix' data-padding='{\"d\":\"151px 0px 300px 0px\"}' data-padding-top='151px'><div class=\"tatsu-row-wrap  tatsu-wrap tatsu-row-one-col tatsu-row-has-one-cols tatsu-medium-gutter tatsu-reg-cols  tatsu-clearfix tatsu-H1l_DCgpJT\" ><div  class=\"tatsu-row\" ><div  class=\"tatsu-column  tatsu-bg-overlay tatsu-one-col tatsu-column-image-none tatsu-column-effect-none  tatsu-H1dDAe6kp\"  data-parallax-speed=\"0\" style=\"\"><div class=\"tatsu-column-inner\" ><div class=\"tatsu-column-pad-wrap\"><div class=\"tatsu-column-pad\" ><div  class=\"tatsu-module tatsu-text-block-wrap tatsu-Byw6L2XIT\"><div class=\"tatsu-text-inner tatsu-align-center  clearfix\" ><style>.tatsu-Byw6L2XIT.tatsu-text-block-wrap .tatsu-text-inner{width: 100%;text-align: left;}<\/style>\n<div class=\"post-entry post-entry-type-page post-entry-1059\">\n<div class=\"entry-content-wrapper clearfix\">\n<div class=\"flex_column av_one_full flex_column_div av-zero-column-padding first avia-builder-el-0 avia-builder-el-no-sibling\">\n<div class=\"av-special-heading av-special-heading-h1 blockquote modern-quote modern-centered avia-builder-el-1 el_before_av_hr avia-builder-el-first\">\n<p style=\"text-align: center;\" data-fontsize=\"34\" data-lineheight=\"47.6px\"><span style=\"font-size: 18pt;\">Cookie Policy<\/span><\/p>\n<div class=\"av-subheading av-subheading_below\" style=\"text-align: center;\">Detalhes sobre como utilizamos cookies para melhorar a sua experi\u00eancia.<\/div>\n<\/div>\n<section>\n<div>\n<ul>\n<li>\n<h5 data-fontsize=\"16\" data-lineheight=\"22.4px\"><span style=\"font-size: 10pt;\">DimensionOscope: Pol\u00edtica de Cookies<\/span><\/h5>\n<p><span style=\"font-size: 10pt;\"><span style=\"font-size: 10pt;\">A DimensionOscope, Lda e os seus afiliados respeitam a sua privacidade e almejamos mant\u00ea-lo informado sobre como recolhemos e utilizamos a sua informa\u00e7\u00e3o. Esta Pol\u00edtica de Cookies procura inform\u00e1-lo acerca dos cookies e tecnologias similares que utilizamos e porque \u00e9 que as usamos. Tamb\u00e9m deve ler o nosso <\/span><a style=\"font-size: 10pt;\" href=\"https:\/\/dimensionoscope.com\/en\/politica-de-privacidade\/\">Aviso de Privacidade<\/a><span style=\"font-size: 10pt;\">\u00a0para saber mais sobre o que fazemos com a informa\u00e7\u00e3o que recolhemos neste <\/span><span style=\"font-size: 13.3333px;\">website. Quaisquer<\/span><span style=\"font-size: 10pt;\">\u00a0altera\u00e7\u00f5es a esta Pol\u00edtica ser\u00e3o colocadas aqui. N\u00f3s reservamos o direito de <\/span><span style=\"font-size: 13.3333px;\">efetuar<\/span><span style=\"font-size: 10pt;\">\u00a0altera\u00e7\u00f5es a esta Pol\u00edtica e as mudan\u00e7as ser\u00e3o consideradas <\/span><span style=\"font-size: 13.3333px;\">efetivas<\/span><span style=\"font-size: 10pt;\">\u00a0a partir do momento em que aqui forem colocadas. O uso cont\u00ednuo deste website constitui a sua concord\u00e2ncia com as mesmas <\/span><span style=\"font-size: 13.3333px;\">altera\u00e7\u00f5es. Se<\/span><span style=\"font-size: 10pt;\"> n\u00e3o aceita a utiliza\u00e7\u00e3o de cookies, por favor n\u00e3o continue a utilizar o website.<\/span><\/span><\/p>\n<\/li>\n<\/ul>\n<\/div>\n<\/section>\n<\/div>\n<\/div>\n<\/div>\n<div>\n<div>\n<div>\n<section>\n<div>\n<ul>\n<li>\n<h5 data-fontsize=\"16\" data-lineheight=\"22.4px\"><span style=\"font-size: 10pt;\">Sobre os Cookies<\/span><\/h5>\n<p><span style=\"font-size: 10pt;\"><span style=\"font-size: 10pt;\">Como muitas empresas, n\u00f3s utilizamos \u201ccookies\u201d neste website. Os Cookies s\u00e3o ficheiros de texto que cont\u00eam pequenas quantidades de informa\u00e7\u00e3o que poder\u00e3o ser colocadas no seu navegador quando visita certos websites. A DimensionOscope, Lda usa cookies para melhorar a sua experi\u00eancia no nosso website. S\u00f3 utilizamos cookies para providenciar os servi\u00e7os espec\u00edficos que requisita, para memorizar as suas prefer\u00eancias e para melhorar e atualizar o nosso website. Por exemplo, n\u00f3s utilizamos cookies para memorizar as suas prefer\u00eancias e para permitir uma navega\u00e7\u00e3o mais eficiente nas nossas p\u00e1ginas. Tamb\u00e9m utilizamos cookies para medir a atividade no nosso website e determinar quais as \u00e1reas e fun\u00e7\u00f5es do nosso website que s\u00e3o mais <\/span><span style=\"font-size: 13.3333px;\">populares. Os<\/span><span style=\"font-size: 10pt;\">\u00a0websites utilizam v\u00e1rios tipos de cookies para diferentes fun\u00e7\u00f5es. Dependendo da fun\u00e7\u00e3o que t\u00eam que alcan\u00e7ar, os cookies podem ser tempor\u00e1rios; ficam no seu dispositivo apenas durante a sua sess\u00e3o de navega\u00e7\u00e3o (cookies de sess\u00e3o) ou permanentemente colocados na mem\u00f3ria do seu dispositivo (cookies persistentes) para memorizar as suas prefer\u00eancias. Os cookies poder\u00e3o ser colocados por operadores do website que est\u00e1 a visitar ou por operadores que colocam cookies atrav\u00e9s desse website (cookies por terceiros). Como tal, qualquer cookie que utilizemos encontra-se nas seguintes categorias:<\/span><\/span><\/p>\n<\/li>\n<\/ul>\n<\/div>\n<\/section>\n<\/div>\n<\/div>\n<\/div>\n<div>\n<div>\n<div>\n<section>\n<div>\n<ul>\n<li>\n<h5 data-fontsize=\"16\" data-lineheight=\"22.4px\"><span style=\"font-size: 10pt;\">Cookies Estritamente Necess\u00e1rios<\/span><\/h5>\n<p><span style=\"font-size: 10pt;\">Estes cookies s\u00e3o essenciais para assegurar o seu movimento nas p\u00e1ginas deste website e para a sua utiliza\u00e7\u00e3o das fun\u00e7\u00f5es deste website. Por exemplo, sem estes cookies n\u00e3o lhe seria poss\u00edvel aceder seguramente a determinadas \u00e1reas do website. A DimensionOscope, Lda utiliza estes cookies para disponibilizar os servi\u00e7os no nosso website que requisitou especificamente. Em geral, estes cookies s\u00f3 permanecer\u00e3o no seu navegador durante a sess\u00e3o de navega\u00e7\u00e3o e assim que fechar o seu navegador, os cookies ser\u00e3o removidos. Esta categoria de cookies n\u00e3o deve ser desativada. Se utiliza as defini\u00e7\u00f5es do seu navegador para bloquear os cookies estritamente necess\u00e1rios, n\u00e3o podemos garantir a sua seguran\u00e7a ou prever como o nosso website se ir\u00e1 comportar durante a sua visita. Exemplos: lastThemeSourceId; Browser_id}; JSESSIONID; etc.<\/span><\/p>\n<\/li>\n<\/ul>\n<\/div>\n<\/section>\n<\/div>\n<\/div>\n<\/div>\n<div>\n<div>\n<div>\n<section>\n<div>\n<ul>\n<li>\n<h5 data-fontsize=\"16\" data-lineheight=\"22.4px\"><span style=\"font-size: 10pt;\">Cookies de Desempenho<\/span><\/h5>\n<p><span style=\"font-size: 10pt;\">Estes cookies recolhem informa\u00e7\u00e3o geral sobre como o nosso website \u00e9 utilizado de forma a criar relat\u00f3rios de utiliza\u00e7\u00e3o que nos permitem melhorar a experi\u00eancia do utilizador e a qualidade do nosso website e servi\u00e7o. Esta an\u00e1lise \u00e9 realizada por outros operadores, logo estes cookies s\u00e3o considerados como cookies por terceiros. Especificamente, utilizamos o Google Analytics para medir a efici\u00eancia das nossas campanhas publicit\u00e1rias e determinar como \u00e9 que os visitantes utilizam este website. Estes cookies recolhem uma localiza\u00e7\u00e3o agregada do utilizador e informa\u00e7\u00e3o acerca do endere\u00e7o de IP. Estes cookies s\u00e3o frequentemente colocados na mem\u00f3ria do seu navegador, a n\u00e3o ser que escolha remov\u00ea-los. Exemplos:_utmb; _utmc; _utma; _utmz; etc.<\/span><\/p>\n<\/li>\n<\/ul>\n<\/div>\n<\/section>\n<\/div>\n<\/div>\n<\/div>\n<div>\n<div>\n<div>\n<section>\n<div>\n<ul>\n<li>\n<h5 data-fontsize=\"16\" data-lineheight=\"22.4px\"><span style=\"font-size: 10pt;\">Cookies de Funcionalidade<\/span><\/h5>\n<p><span style=\"font-size: 10pt;\">Estes cookies permitem-nos oferecer uma experi\u00eancia de navega\u00e7\u00e3o customizada. Estes cookies capturam informa\u00e7\u00f5es tais como as p\u00e1ginas que visitou ou visualizou, de forma a podermos providenci\u00e1-lo com uma experi\u00eancia \u00f3ptima. Os cookies de funcionalidade permitem aos websites memorizar as escolhas e prefer\u00eancias dos visitantes. Isto significa que um website pode automaticamente tomar decis\u00f5es tais como a l\u00edngua do website, a localiza\u00e7\u00e3o, o tamanho do texto e providenciar fun\u00e7\u00f5es que um visitante requisite, tais como visionar v\u00eddeos e publicar coment\u00e1rios. A informa\u00e7\u00e3o recolhida por estes cookies de funcionalidade poder\u00e1 ser an\u00f3nima e n\u00e3o estar\u00e1 ligada a informa\u00e7\u00e3o sobre o uso de outros websites. Exemplos: Rvdata; Mbox; __g_u; __g_c ASP.NET_SessionId; _data; etc.<\/span><\/p>\n<\/li>\n<\/ul>\n<\/div>\n<\/section>\n<\/div>\n<\/div>\n<\/div>\n<div>\n<div>\n<div>\n<section>\n<div>\n<ul>\n<li>\n<h5 data-fontsize=\"16\" data-lineheight=\"22.4px\"><span style=\"font-size: 10pt;\">Cookies Publicit\u00e1rios e Cookies Publicit\u00e1rios de Terceiros<\/span><\/h5>\n<p><span style=\"font-size: 10pt;\">A publicidade que poder\u00e1 ver no nosso website \u00e9 disponibilizada por um terceiro contratado por n\u00f3s. A publicidade pode ser gen\u00e9rica ao website ou pode estar talhada para disponibilizar publicidade na qual poder\u00e1 estar interessado, baseando-se em cookies publicit\u00e1rios. Estes cookies poder\u00e3o conter informa\u00e7\u00e3o sobre outros websites visitados pelo seu navegador e dispositivo, mas n\u00e3o informa\u00e7\u00e3o pessoal sobre si.Poder\u00e1 ver determinados an\u00fancios noutros websites porque participamos em redes publicit\u00e1rias. As redes publicit\u00e1rias permitem-nos aperfei\u00e7oar a nossa mensagem a utilizadores atrav\u00e9s da, demografia, interesses e meios contextuais. Estas redes observam as suas atividades online ao longo do tempo recolhendo informa\u00e7\u00e3o de forma autom\u00e1tica, incluindo atrav\u00e9s da utiliza\u00e7\u00e3o de cookies, registos de servidores web e web beacons. Estas redes utilizam esta informa\u00e7\u00e3o para lhe mostrar an\u00fancios que poder\u00e3o estar talhados aos seus interesses individuais. As informa\u00e7\u00f5es que as nossas redes publicit\u00e1rias recolhem, poder\u00e3o incluir informa\u00e7\u00f5es sobre as suas visitas a websites que participem nas redes publicit\u00e1rias relevantes, tais como p\u00e1ginas ou an\u00fancios que visione e as a\u00e7\u00f5es que possa tomar nos websites. Esta recolha de dados \u00e9 exercida tanto no nosso website como em websites de terceiros que participam nas redes publicit\u00e1rias. Este processo tamb\u00e9m nos ajuda a controlar a efici\u00eancia das nossas campanhas de marketing.<\/span><\/p>\n<\/li>\n<\/ul>\n<\/div>\n<\/section>\n<\/div>\n<\/div>\n<\/div>\n<ul>\n<li>\n<h5 data-fontsize=\"16\" data-lineheight=\"22.4px\"><span style=\"font-size: 10pt;\">Como gerir os cookies atrav\u00e9s das defini\u00e7\u00f5es do seu navegador<\/span><\/h5>\n<p><span style=\"font-size: 10pt;\">Pode gerir os cookies atrav\u00e9s das defini\u00e7\u00f5es do seu navegador ou contactando as entidades abaixo. Se continuar a utilizar o nosso website sem alterar as suas defini\u00e7\u00f5es, ent\u00e3o consente a coloca\u00e7\u00e3o das categorias de cookies que list\u00e1mos acima no seu navegador. Se decidir mudar as suas defini\u00e7\u00f5es e desactivar os cookies, poder\u00e1 ser poss\u00edvel que n\u00e3o consiga tirar partido total de todas as funcionalidades do nosso website. Por exemplo, se desativar os cookies estritamente necess\u00e1rios ou recusar esses cookies, n\u00e3o ser\u00e1 poss\u00edvel utilizar todas as funcionalidades deste website. As seguintes liga\u00e7\u00f5es externas explicam como deve gerir os seus cookies nos navegadores mais comuns:<\/span><\/p>\n<\/li>\n<\/ul>\n<p><span style=\"font-size: 10pt;\"><a href=\"http:\/\/windows.microsoft.com\/en-gb\/internet-explorer\/delete-manage-cookies#ie=ie-11\">Defini\u00e7\u00f5es de Cookies no Internet Explorer<\/a><\/span><\/p>\n<p><span style=\"font-size: 10pt;\"><a href=\"https:\/\/support.google.com\/accounts\/answer\/61416?hl=en\">Defini\u00e7\u00f5es de Cookies no Google Chrome<\/a><\/span><\/p>\n<p><span style=\"font-size: 10pt;\"><a href=\"https:\/\/support.mozilla.org\/en-US\/kb\/enable-and-disable-cookies-website-preferences?redirectlocale=en-US&#038;redirectslug=Enabling+and+disabling+cookies\">Defini\u00e7\u00f5es de Cookies no Firefox<\/a><\/span><\/p>\n<p><span style=\"font-size: 10pt;\"><a href=\"https:\/\/support.apple.com\/en-gb\/guide\/safari\/manage-cookies-and-website-data-sfri11471\/mac\">Defini\u00e7\u00f5es de Cookies no Safari<\/a><\/span><\/p>\n<ul>\n<li><span style=\"font-size: 10pt;\">Para saber mais informa\u00e7\u00f5es de como definir as suas prefer\u00eancias em rela\u00e7\u00e3o aos cookies no seu navegador, consulte:\u00a0<a href=\"http:\/\/www.allaboutcookies.org\/\">www.allaboutcookies.org<\/a>Se quiser optar por n\u00e3o aceitar a nossa utiliza\u00e7\u00e3o do Google Analytics, por favor clique\u00a0<a href=\"https:\/\/tools.google.com\/dlpage\/gaoptout\">aqui<\/a>. Se tiver quest\u00f5es ou coment\u00e1rios acerca da Pol\u00edtica de Cookies ou sobre o nosso Aviso de Privacidade, por favor contacte-nos como indicado abaixo:<\/span><\/li>\n<\/ul>\n<p style=\"padding-left: 40px;\"><span style=\"font-size: 10pt;\">DimensionOscope, Lda<\/span><br \/><span style=\"font-size: 10pt;\">Rua Fern\u00e3o Lopes, 157 2\u00ba esq. A<\/span><br \/><span style=\"font-size: 10pt;\">4150 \u2013 318 Porto<\/span><br \/><span style=\"font-size: 10pt;\">Portugal<\/span><br \/>Email: <a href=\"mailto:info@dimensionoscope.com\">info@dimensionoscope.com<br \/><\/a><br \/><em><span style=\"font-size: 10pt;\">\u00daltima Modifica\u00e7\u00e3o: 11 de dezembro, 2023<\/span><\/em><\/p>\n<\/div><\/div><\/div><\/div><div class = \"tatsu-column-bg-image-wrap\"><div class = \"tatsu-column-bg-image\" ><\/div><\/div><div class=\"tatsu-overlay tatsu-column-overlay tatsu-animate-none\" ><\/div><\/div><style>.tatsu-row > .tatsu-H1dDAe6kp.tatsu-column{width: 100%;}.tatsu-H1dDAe6kp.tatsu-column > .tatsu-column-inner > .tatsu-column-overlay{mix-blend-mode: normal;}.tatsu-H1dDAe6kp > .tatsu-column-inner > .tatsu-top-divider{z-index: 9999;}.tatsu-H1dDAe6kp > .tatsu-column-inner > .tatsu-bottom-divider{z-index: 9999;}.tatsu-H1dDAe6kp > .tatsu-column-inner > .tatsu-left-divider{z-index: 9999;}.tatsu-H1dDAe6kp > .tatsu-column-inner > .tatsu-right-divider{z-index: 9999;}@media only screen and (max-width:1377px) {.tatsu-row > .tatsu-H1dDAe6kp.tatsu-column{width: 100%;}}@media only screen and (min-width:768px) and (max-width: 1024px) {.tatsu-row > .tatsu-H1dDAe6kp.tatsu-column{width: 100%;}}@media only screen and (max-width: 767px) {.tatsu-row > .tatsu-H1dDAe6kp.tatsu-column{width: 100%;}}<\/style><\/div><\/div><\/div><\/div><div class=\"tatsu-section-background-wrap\"><div class = \"tatsu-section-background\" ><\/div><\/div><div class=\"tatsu-overlay tatsu-section-overlay\"><\/div><style>.tatsu-SJbdwClay6 .tatsu-section-pad{padding: 151px 0px 300px 0px;}.tatsu-SJbdwClay6 .tatsu-section-offset-wrap{transform: translateY(-0px);}.tatsu-SJbdwClay6 > .tatsu-bottom-divider{z-index: 9999;}.tatsu-SJbdwClay6 > .tatsu-top-divider{z-index: 9999;}.tatsu-SJbdwClay6 .tatsu-section-overlay{mix-blend-mode: normal;}<\/style><\/div>","protected":false},"excerpt":{"rendered":"<p><a href=\"https:\/\/dimensionoscope.com\/en\/politica-de-cookies\/\" class=\"more-link style2-button\">Read More<\/a><\/p>","protected":false},"author":1,"featured_media":0,"parent":0,"menu_order":0,"comment_status":"closed","ping_status":"closed","template":"","meta":{"footnotes":""},"class_list":["post-4609","page","type-page","status-publish","hentry"],"yoast_head":"<!-- This site is optimized with the Yoast SEO plugin v27.5 - https:\/\/yoast.com\/product\/yoast-seo-wordpress\/ -->\n<title>Pol\u00edtica de Cookies - Dimensionoscope<\/title>\n<meta name=\"robots\" content=\"index, follow, max-snippet:-1, max-image-preview:large, max-video-preview:-1\" \/>\n<link rel=\"canonical\" href=\"https:\/\/dimensionoscope.com\/en\/politica-de-cookies\/\" \/>\n<meta property=\"og:locale\" content=\"en_GB\" \/>\n<meta property=\"og:type\" content=\"article\" \/>\n<meta property=\"og:title\" content=\"Pol\u00edtica de Cookies - Dimensionoscope\" \/>\n<meta property=\"og:url\" content=\"https:\/\/dimensionoscope.com\/en\/politica-de-cookies\/\" \/>\n<meta property=\"og:site_name\" content=\"Dimensionoscope\" \/>\n<meta property=\"article:modified_time\" content=\"2023-12-11T14:59:56+00:00\" \/>\n<meta name=\"twitter:card\" content=\"summary_large_image\" \/>\n<meta name=\"twitter:label1\" content=\"Estimated reading time\" \/>\n\t<meta name=\"twitter:data1\" content=\"12 minutes\" \/>\n<script type=\"application\/ld+json\" class=\"yoast-schema-graph\">{\"@context\":\"https:\\\/\\\/schema.org\",\"@graph\":[{\"@type\":\"WebPage\",\"@id\":\"https:\\\/\\\/dimensionoscope.com\\\/politica-de-cookies\\\/\",\"url\":\"https:\\\/\\\/dimensionoscope.com\\\/politica-de-cookies\\\/\",\"name\":\"Pol\u00edtica de Cookies - Dimensionoscope\",\"isPartOf\":{\"@id\":\"https:\\\/\\\/dimensionoscope.com\\\/#website\"},\"datePublished\":\"2023-12-10T22:21:59+00:00\",\"dateModified\":\"2023-12-11T14:59:56+00:00\",\"breadcrumb\":{\"@id\":\"https:\\\/\\\/dimensionoscope.com\\\/politica-de-cookies\\\/#breadcrumb\"},\"inLanguage\":\"en-GB\",\"potentialAction\":[{\"@type\":\"ReadAction\",\"target\":[\"https:\\\/\\\/dimensionoscope.com\\\/politica-de-cookies\\\/\"]}]},{\"@type\":\"BreadcrumbList\",\"@id\":\"https:\\\/\\\/dimensionoscope.com\\\/politica-de-cookies\\\/#breadcrumb\",\"itemListElement\":[{\"@type\":\"ListItem\",\"position\":1,\"name\":\"In\u00edcio\",\"item\":\"https:\\\/\\\/dimensionoscope.com\\\/\"},{\"@type\":\"ListItem\",\"position\":2,\"name\":\"Pol\u00edtica de Cookies\"}]},{\"@type\":\"WebSite\",\"@id\":\"https:\\\/\\\/dimensionoscope.com\\\/#website\",\"url\":\"https:\\\/\\\/dimensionoscope.com\\\/\",\"name\":\"Dimensionoscope\",\"description\":\"\",\"publisher\":{\"@id\":\"https:\\\/\\\/dimensionoscope.com\\\/#organization\"},\"potentialAction\":[{\"@type\":\"SearchAction\",\"target\":{\"@type\":\"EntryPoint\",\"urlTemplate\":\"https:\\\/\\\/dimensionoscope.com\\\/?s={search_term_string}\"},\"query-input\":{\"@type\":\"PropertyValueSpecification\",\"valueRequired\":true,\"valueName\":\"search_term_string\"}}],\"inLanguage\":\"en-GB\"},{\"@type\":\"Organization\",\"@id\":\"https:\\\/\\\/dimensionoscope.com\\\/#organization\",\"name\":\"Dimensionoscope\",\"url\":\"https:\\\/\\\/dimensionoscope.com\\\/\",\"logo\":{\"@type\":\"ImageObject\",\"inLanguage\":\"en-GB\",\"@id\":\"https:\\\/\\\/dimensionoscope.com\\\/#\\\/schema\\\/logo\\\/image\\\/\",\"url\":\"https:\\\/\\\/dimensionoscope.com\\\/wp-content\\\/uploads\\\/2023\\\/10\\\/Dimension-o-scope-VF-01.png\",\"contentUrl\":\"https:\\\/\\\/dimensionoscope.com\\\/wp-content\\\/uploads\\\/2023\\\/10\\\/Dimension-o-scope-VF-01.png\",\"width\":799,\"height\":257,\"caption\":\"Dimensionoscope\"},\"image\":{\"@id\":\"https:\\\/\\\/dimensionoscope.com\\\/#\\\/schema\\\/logo\\\/image\\\/\"}}]}<\/script>\n<!-- \/ Yoast SEO plugin. -->","yoast_head_json":{"title":"Pol\u00edtica de Cookies - Dimensionoscope","robots":{"index":"index","follow":"follow","max-snippet":"max-snippet:-1","max-image-preview":"max-image-preview:large","max-video-preview":"max-video-preview:-1"},"canonical":"https:\/\/dimensionoscope.com\/en\/politica-de-cookies\/","og_locale":"en_GB","og_type":"article","og_title":"Pol\u00edtica de Cookies - Dimensionoscope","og_url":"https:\/\/dimensionoscope.com\/en\/politica-de-cookies\/","og_site_name":"Dimensionoscope","article_modified_time":"2023-12-11T14:59:56+00:00","twitter_card":"summary_large_image","twitter_misc":{"Estimated reading time":"12 minutes"},"schema":{"@context":"https:\/\/schema.org","@graph":[{"@type":"WebPage","@id":"https:\/\/dimensionoscope.com\/politica-de-cookies\/","url":"https:\/\/dimensionoscope.com\/politica-de-cookies\/","name":"Pol\u00edtica de Cookies - Dimensionoscope","isPartOf":{"@id":"https:\/\/dimensionoscope.com\/#website"},"datePublished":"2023-12-10T22:21:59+00:00","dateModified":"2023-12-11T14:59:56+00:00","breadcrumb":{"@id":"https:\/\/dimensionoscope.com\/politica-de-cookies\/#breadcrumb"},"inLanguage":"en-GB","potentialAction":[{"@type":"ReadAction","target":["https:\/\/dimensionoscope.com\/politica-de-cookies\/"]}]},{"@type":"BreadcrumbList","@id":"https:\/\/dimensionoscope.com\/politica-de-cookies\/#breadcrumb","itemListElement":[{"@type":"ListItem","position":1,"name":"In\u00edcio","item":"https:\/\/dimensionoscope.com\/"},{"@type":"ListItem","position":2,"name":"Pol\u00edtica de Cookies"}]},{"@type":"WebSite","@id":"https:\/\/dimensionoscope.com\/#website","url":"https:\/\/dimensionoscope.com\/","name":"Dimensionoscope","description":"","publisher":{"@id":"https:\/\/dimensionoscope.com\/#organization"},"potentialAction":[{"@type":"SearchAction","target":{"@type":"EntryPoint","urlTemplate":"https:\/\/dimensionoscope.com\/?s={search_term_string}"},"query-input":{"@type":"PropertyValueSpecification","valueRequired":true,"valueName":"search_term_string"}}],"inLanguage":"en-GB"},{"@type":"Organization","@id":"https:\/\/dimensionoscope.com\/#organization","name":"Dimensionoscope","url":"https:\/\/dimensionoscope.com\/","logo":{"@type":"ImageObject","inLanguage":"en-GB","@id":"https:\/\/dimensionoscope.com\/#\/schema\/logo\/image\/","url":"https:\/\/dimensionoscope.com\/wp-content\/uploads\/2023\/10\/Dimension-o-scope-VF-01.png","contentUrl":"https:\/\/dimensionoscope.com\/wp-content\/uploads\/2023\/10\/Dimension-o-scope-VF-01.png","width":799,"height":257,"caption":"Dimensionoscope"},"image":{"@id":"https:\/\/dimensionoscope.com\/#\/schema\/logo\/image\/"}}]}},"_links":{"self":[{"href":"https:\/\/dimensionoscope.com\/en\/wp-json\/wp\/v2\/pages\/4609","targetHints":{"allow":["GET"]}}],"collection":[{"href":"https:\/\/dimensionoscope.com\/en\/wp-json\/wp\/v2\/pages"}],"about":[{"href":"https:\/\/dimensionoscope.com\/en\/wp-json\/wp\/v2\/types\/page"}],"author":[{"embeddable":true,"href":"https:\/\/dimensionoscope.com\/en\/wp-json\/wp\/v2\/users\/1"}],"replies":[{"embeddable":true,"href":"https:\/\/dimensionoscope.com\/en\/wp-json\/wp\/v2\/comments?post=4609"}],"version-history":[{"count":4,"href":"https:\/\/dimensionoscope.com\/en\/wp-json\/wp\/v2\/pages\/4609\/revisions"}],"predecessor-version":[{"id":4650,"href":"https:\/\/dimensionoscope.com\/en\/wp-json\/wp\/v2\/pages\/4609\/revisions\/4650"}],"wp:attachment":[{"href":"https:\/\/dimensionoscope.com\/en\/wp-json\/wp\/v2\/media?parent=4609"}],"curies":[{"name":"wp","href":"https:\/\/api.w.org\/{rel}","templated":true}]}}