{"id":4598,"date":"2023-12-10T20:25:18","date_gmt":"2023-12-10T20:25:18","guid":{"rendered":"https:\/\/dimensionoscope.com\/?page_id=4598"},"modified":"2023-12-10T22:20:23","modified_gmt":"2023-12-10T22:20:23","slug":"politica-de-privacidade","status":"publish","type":"page","link":"https:\/\/dimensionoscope.com\/en\/politica-de-privacidade\/","title":{"rendered":"Pol\u00edtica de privacidade"},"content":{"rendered":"<div  class=\"tatsu-S1Y_DJTyT tatsu-section  tatsu-bg-overlay   tatsu-clearfix\" data-title=\"\"  data-headerscheme=\"background--dark\"><div class='tatsu-section-pad clearfix' data-padding='{\"d\":\"175px 0px 250px 0px\",\"m\":\"175px 0px 175px 0px\"}' data-padding-top='175px'><div class=\"tatsu-row-wrap  tatsu-wrap tatsu-row-one-col tatsu-row-has-one-cols tatsu-medium-gutter tatsu-reg-cols  tatsu-clearfix tatsu-rJltOvyaya\" ><div  class=\"tatsu-row\" ><div  class=\"tatsu-column  tatsu-column-no-bg tatsu-one-col tatsu-column-image-none tatsu-column-effect-none  tatsu-Bk-KuDypkp\"  data-parallax-speed=\"0\" style=\"\"><div class=\"tatsu-column-inner\" ><div class=\"tatsu-column-pad-wrap\"><div class=\"tatsu-column-pad\" ><div  class=\"tatsu-module tatsu-text-block-wrap tatsu-HkxKHvUN6\"><div class=\"tatsu-text-inner tatsu-align-center  clearfix\" ><style>.tatsu-HkxKHvUN6.tatsu-text-block-wrap .tatsu-text-inner{width: 100%;text-align: left;padding: 0px 3px 0px 0px;}.tatsu-HkxKHvUN6.tatsu-text-block-wrap{margin: 0px 0px 30px 25px;}<\/style>\n<h5><strong><span style=\"font-size: 18pt; color: #ffffff;\">POL\u00cdTICA DE PRIVACIDADE<\/span><\/strong><\/h5>\n<\/div><\/div><\/div><\/div><div class = \"tatsu-column-bg-image-wrap\"><div class = \"tatsu-column-bg-image\" ><\/div><\/div><\/div><style>.tatsu-row > .tatsu-Bk-KuDypkp.tatsu-column{width: 100%;}.tatsu-Bk-KuDypkp.tatsu-column > .tatsu-column-inner > .tatsu-column-overlay{mix-blend-mode: none;}.tatsu-Bk-KuDypkp > .tatsu-column-inner > .tatsu-top-divider{z-index: 9999;}.tatsu-Bk-KuDypkp > .tatsu-column-inner > .tatsu-bottom-divider{z-index: 9999;}.tatsu-Bk-KuDypkp > .tatsu-column-inner > .tatsu-left-divider{z-index: 9999;}.tatsu-Bk-KuDypkp > .tatsu-column-inner > .tatsu-right-divider{z-index: 9999;}<\/style><\/div><\/div><\/div><\/div><div class=\"tatsu-section-background-wrap\"><div class = \"tatsu-section-background\" ><\/div><\/div><div class=\"tatsu-overlay tatsu-section-overlay\"><\/div><style>.tatsu-S1Y_DJTyT .tatsu-section-background{background-image: url(https:\/\/dimensionoscope.com\/wp-content\/uploads\/2023\/09\/FAQS-1.jpg);background-repeat: no-repeat;background-attachment: scroll;background-position: center center;background-size: cover;}.tatsu-S1Y_DJTyT .tatsu-bg-blur{background-repeat: no-repeat;background-attachment: scroll;background-position: center center;background-size: cover;}.tatsu-S1Y_DJTyT .tatsu-section-pad{padding: 175px 0px 250px 0px;}.tatsu-S1Y_DJTyT > .tatsu-bottom-divider{z-index: 9999;}.tatsu-S1Y_DJTyT > .tatsu-top-divider{z-index: 9999;}.tatsu-S1Y_DJTyT .tatsu-section-overlay{background: linear-gradient(45deg, rgba(255,255,255,1) 0%, rgba(0,0,0,1) 100%);mix-blend-mode: multiply;}@media only screen and (max-width: 767px) {.tatsu-S1Y_DJTyT .tatsu-section-pad{padding: 175px 0px 175px 0px;}}<\/style><\/div><div  class=\"tatsu-SJbdwClay6 tatsu-section  tatsu-bg-overlay   tatsu-clearfix\" data-title=\"\"  data-headerscheme=\"background--dark\"><div class='tatsu-section-pad clearfix' data-padding='{\"d\":\"150px 0px 300px 0px\"}' data-padding-top='150px'><div class=\"tatsu-row-wrap  tatsu-wrap tatsu-row-one-col tatsu-row-has-one-cols tatsu-medium-gutter tatsu-reg-cols  tatsu-clearfix tatsu-H1l_DCgpJT\" ><div  class=\"tatsu-row\" ><div  class=\"tatsu-column  tatsu-bg-overlay tatsu-one-col tatsu-column-image-none tatsu-column-effect-none  tatsu-H1dDAe6kp\"  data-parallax-speed=\"0\" style=\"\"><div class=\"tatsu-column-inner\" ><div class=\"tatsu-column-pad-wrap\"><div class=\"tatsu-column-pad\" ><div  class=\"tatsu-module tatsu-text-block-wrap tatsu-Byw6L2XIT\"><div class=\"tatsu-text-inner tatsu-align-center  clearfix\" ><style>.tatsu-Byw6L2XIT.tatsu-text-block-wrap .tatsu-text-inner{width: 100%;text-align: left;}<\/style>\n<div>\n<div>\n<div>\n<div>\n<p style=\"text-align: center;\" data-fontsize=\"34\" data-lineheight=\"47.6px\"><span style=\"font-size: 18pt;\">Aviso de Privacidade<\/span><\/p>\n<p style=\"text-align: center;\">Detalhes acerca da sua informa\u00e7\u00e3o.<\/p>\n<\/div>\n<\/div>\n<\/div>\n<\/div>\n<div>\n<div>\n<div>\n<section>\n<div>\n<ol>\n<li>\n<p data-fontsize=\"16\" data-lineheight=\"22.4px\">DimensionOscope: Aviso de Privacidade Online<\/p>\n<p>A DimensionOscope, Lda e os seus afiliados respeitam as suas preocupa\u00e7\u00f5es acerca da privacidade. Este aviso de privacidade aplica-se a toda a informa\u00e7\u00e3o pessoal que recolhemos neste website. A DimensionOscope, Lda (Rua Fern\u00e3o Lopes, 157 2\u00ba esq. A, 4150 \u2013 318 Porto, Portugal) \u00e9 respons\u00e1vel por este website.<\/p>\n<p>O Aviso de Privacidade descreve todos os tipos de informa\u00e7\u00e3o pessoal que recolhemos neste Website, como poderemos utilizar essa informa\u00e7\u00e3o e com quem poderemos partilh\u00e1-la. O aviso tamb\u00e9m descreve as medidas que tomamos para assegurar a prote\u00e7\u00e3o da sua informa\u00e7\u00e3o pessoal. Tamb\u00e9m o informamos de como nos pode contactar para (i) aceder, mudar ou n\u00e3o utilizar a informa\u00e7\u00e3o pessoal que nos confiou, (ii) retirar a autoriza\u00e7\u00e3o que nos deu previamente, (iii) informar-nos para n\u00e3o comunicar os nossos servi\u00e7os consigo, e (iv) responder a quaisquer quest\u00f5es que possa ter sobre as nossas pol\u00edticas de privacidade.<\/p>\n<\/li>\n<li>\n<p data-fontsize=\"16\" data-lineheight=\"22.4px\">A informa\u00e7\u00e3o que recolhemos e como a utilizamos<\/p>\n<p>O(A) utilizador(a) pode escolher providenciar informa\u00e7\u00e3o pessoal (tal como o nome e endere\u00e7o de e-mail) atrav\u00e9s deste website e atrav\u00e9s da nossa linha de apoio ao cliente. Aqui est\u00e3o descritas as formas em que poder\u00e1 providenciar essa informa\u00e7\u00e3o e os tipos de informa\u00e7\u00e3o que poder\u00e1 submeter. Tamb\u00e9m o informamos de como poderemos utilizar essa informa\u00e7\u00e3o.<\/p>\n<\/li>\n<li>\n<p data-fontsize=\"16\" data-lineheight=\"22.4px\">Formul\u00e1rios de Contacto<\/p>\n<p>Se comunicar connosco atrav\u00e9s do link \u201cContacto\u201d neste website, poderemos pedir informa\u00e7\u00e3o tal como o seu nome e endere\u00e7o de correio electr\u00f3nico. Utilizamos esta informa\u00e7\u00e3o para responder e para comunicar consigo acerca das suas quest\u00f5es e coment\u00e1rios.<\/p>\n<\/li>\n<li>\n<p data-fontsize=\"16\" data-lineheight=\"22.4px\">Informa\u00e7\u00e3o que recolhemos atrav\u00e9s de Meios Autom\u00e1ticos<\/p>\n<p>N\u00f3s obtemos determinado tipo de informa\u00e7\u00f5es atrav\u00e9s de meios autom\u00e1ticos quando visita o nosso website, tal como o endere\u00e7o de IP do dispositivo que utiliza para se conectar \u00e0 Internet, e as p\u00e1ginas \u00e0s quais acedeu. Ao recolhermos esta informa\u00e7\u00e3o, aprendemos a melhor forma de dispor o nosso website aos nossos visitantes e percebemos que servi\u00e7os podem preferir. Recolhemos esta informa\u00e7\u00e3o atrav\u00e9s de diversos meios, tais como \u201ccookies\u201d.<\/p>\n<\/li>\n<li>\n<p data-fontsize=\"16\" data-lineheight=\"22.4px\">Cookies<\/p>\n<p>Como muitas empresas, n\u00f3s utilizamos \u201ccookies\u201d neste website. Os cookies s\u00e3o peda\u00e7os de texto que s\u00e3o colocados no disco r\u00edgido do seu computador quando visita determinados websites. Os cookies podem melhor a sua experi\u00eancia online ao gravarem prefer\u00eancias quando visita um site em particular. N\u00f3s utilizamos cookies, por exemplo, para medir a atividade no site e determinar quais as \u00e1reas e fun\u00e7\u00f5es do nosso website que s\u00e3o mais populares.<\/p>\n<p>Para saber mais acerca da forma como utilizamos cookies, por favor visite a nossa\u00a0<a href=\"https:\/\/dimensionoscope.com\/en\/politica-de-cookies\/\">Cookie Policy<\/a>.<\/p>\n<\/li>\n<li>\n<p data-fontsize=\"16\" data-lineheight=\"22.4px\">Apoio ao Cliente<\/p>\n<p>Poder\u00e1 contactar a nossa linha de apoio ao cliente para obter informa\u00e7\u00f5es acerca dos nossos servi\u00e7os. Se o fizer, poderemos pedir-lhe informa\u00e7\u00e3o tal como o seu nome, endere\u00e7o de correio electr\u00f3nico e n\u00famero de telefone. Utilizamos esta informa\u00e7\u00e3o para responder ao seu pedido.<\/p>\n<\/li>\n<li>\n<p data-fontsize=\"16\" data-lineheight=\"22.4px\">Outras Formas de Recolha e Uso de Informa\u00e7\u00e3o<\/p>\n<p>Adicionalmente \u00e0s formas pelas quais obtemos informa\u00e7\u00e3o sobre si descritas acima, tamb\u00e9m poderemos obter informa\u00e7\u00e3o acerca de si atrav\u00e9s de terceiros. Poderemos utilizar a sua informa\u00e7\u00e3o pessoal para o providenciar com servi\u00e7os que possa pedir, melhorar a sua experi\u00eancia e comunicar consigo acerca dos nossos servi\u00e7os e promo\u00e7\u00f5es. Tamb\u00e9m poderemos utilizar a sua informa\u00e7\u00e3o pessoal para efeitos internos, tais como fraude e preven\u00e7\u00e3o de roubo, notifica\u00e7\u00e3o de acidentes, desenvolvimento e administra\u00e7\u00e3o dos nossos websites, an\u00e1lise de dados, e cumprimento com as nossas obriga\u00e7\u00f5es legais, pol\u00edticas e procedimentos.<\/p>\n<\/li>\n<li>\n<p data-fontsize=\"16\" data-lineheight=\"22.4px\">Informa\u00e7\u00e3o Que Partilhamos<\/p>\n<p>N\u00e3o vendemos e n\u00e3o divulgamos informa\u00e7\u00e3o pessoal sobre os nossos clientes, exceto nas situa\u00e7\u00f5es descritas aqui. Poderemos partilhar a sua informa\u00e7\u00e3o pessoal com os nossos afiliados em todo o mundo, titulares de licen\u00e7as e parceiros de neg\u00f3cios para os prop\u00f3sitos descritos neste Aviso de Privacidade. Tamb\u00e9m poderemos partilhar a sua informa\u00e7\u00e3o com os nossos provedores de servi\u00e7os que prestam servi\u00e7os por n\u00f3s baseados nas nossas instru\u00e7\u00f5es. Estes provedores de servi\u00e7os n\u00e3o est\u00e3o autorizados por n\u00f3s a utilizar ou divulgar a informa\u00e7\u00e3o exceto se for necess\u00e1rio para realizar servi\u00e7os por n\u00f3s ou cumprir com requisitos legais.<\/p>\n<p>Tamb\u00e9m poderemos divulgar informa\u00e7\u00e3o sobre si se (i) tal for exigido por lei ou processo legal (tal como uma ordem judicial), (ii) em resposta a um pedido pelas autoridades legais, ou (iii) quando acreditamos que a divulga\u00e7\u00e3o \u00e9 necess\u00e1ria ou apropriada para prevenir danos f\u00edsicos ou preju\u00edzos financeiros ou em liga\u00e7\u00e3o com uma investiga\u00e7\u00e3o de suspeita ou atual atividade ilegal. Tamb\u00e9m reservamos o direito de transferir informa\u00e7\u00e3o pessoal que temos sobre si na eventualidade de venda ou transfer\u00eancia de todos ou uma por\u00e7\u00e3o dos nossos ativos empresariais. Se tal venda ou transfer\u00eancia ocorrer, utilizaremos os m\u00e9todos poss\u00edveis e razo\u00e1veis para que o recipiente utilize as nossas diretivas em rela\u00e7\u00e3o \u00e0 sua informa\u00e7\u00e3o pessoal, de forma consistente com a nossa Pol\u00edtica de Privacidade. Em seguimento dessa venda ou transfer\u00eancia, poder\u00e1 contactar a entidade para a qual transferimos a sua informa\u00e7\u00e3o pessoal com qualquer quest\u00e3o acerca do processamento dessa informa\u00e7\u00e3o.<\/p>\n<\/li>\n<li>\n<p data-fontsize=\"16\" data-lineheight=\"22.4px\">Liga\u00e7\u00f5es a Outros Websites<\/p>\n<p>Este website poder\u00e1 conter liga\u00e7\u00f5es a outros sites para a sua conveni\u00eancia e informa\u00e7\u00e3o. Estes websites podem ser operados por empresas que n\u00e3o est\u00e3o afiliadas \u00e0 DimensionOscope. Esses websites poder\u00e3o ter as suas pr\u00f3prias pol\u00edticas de privacidade, as quais sugerimos que consulte se visitar qualquer liga\u00e7\u00e3o a um website externo. N\u00e3o somos respons\u00e1veis pelo conte\u00fado de qualquer website que n\u00e3o esteja afiliado com a DimensionOscope, qualquer uso desses websites, ou as pr\u00e1ticas de privacidade dos mesmos.<\/p>\n<\/li>\n<li>\n<p data-fontsize=\"16\" data-lineheight=\"22.4px\">Como Protegemos a Informa\u00e7\u00e3o Pessoal<\/p>\n<p>N\u00f3s mantemos medidas de seguran\u00e7a administrativas, t\u00e9cnicas e f\u00edsicas apropriadas \u00e0 seguran\u00e7a da informa\u00e7\u00e3o pessoal que providenciou neste Website contra acidentes, destrui\u00e7\u00e3o ilegal ou n\u00e3o autorizada, perda, altera\u00e7\u00e3o, acesso, divulga\u00e7\u00e3o ou utiliza\u00e7\u00e3o e outras formas ilegais de processamento. Utilizamos a tecnologia Secure Sockets Layer (\u201cSSL) para proteger a transmiss\u00e3o atrav\u00e9s da internet da sua informa\u00e7\u00e3o. Poder\u00e1 confirmar a seguran\u00e7a da sua conex\u00e3o olhando para a linha de URL do seu navegador. Ao aceder a um website seguro, os primeiros caracteres do endere\u00e7o do site ir\u00e3o mudar de \u201chttp\u201d para \u201chttps\u201d. Se estiver a utilizar um navegador ou firewall que n\u00e3o permita comunica\u00e7\u00f5es atrav\u00e9s de websites seguros, sugerimos que permita estas comunica\u00e7\u00f5es.<\/p>\n<\/li>\n<li>\n<p data-fontsize=\"16\" data-lineheight=\"22.4px\">Acesso e Corre\u00e7\u00e3o<\/p>\n<p>Conforme a lei aplic\u00e1vel, providenciamos-lhe o acesso a informa\u00e7\u00e3o pessoal que recolhemos sobre si, e a capacidade para rever, corrigir, atualizar, bloquear ou remover essa informa\u00e7\u00e3o no caso de estar incorreta. Por favor submeta o seu pedido ao endere\u00e7o especificado na sec\u00e7\u00e3o \u201cComo Contactar-nos\u201d em baixo. Por favor inclua o seu nome, endere\u00e7o de correio electr\u00f3nico, endere\u00e7o postal e uma c\u00f3pia do seu cart\u00e3o de identifica\u00e7\u00e3o ou passaporte com o seu pedido.<\/p>\n<\/li>\n<li>\n<p data-fontsize=\"16\" data-lineheight=\"22.4px\">As Suas Escolhas<\/p>\n<p>Oferecemos-lhe determinadas escolhas sobre a nossa comunica\u00e7\u00e3o consigo e sobre a informa\u00e7\u00e3o que recolhemos sobre si. Poder\u00e1 retirar qualquer consentimento pr\u00e9vio que nos tenha dado ou refutar a qualquer altura de acordo com a lei, e sem qualquer custo, o processamento da sua informa\u00e7\u00e3o pessoal, e n\u00f3s aplicaremos as suas prefer\u00eancias no futuro.<\/p>\n<p>Pode optar por n\u00e3o receber comunica\u00e7\u00f5es de marketing da nossa parte enviando-nos um e-mail ou contactando-nos como especificado na sec\u00e7\u00e3o \u201cComo Contactar-nos\u201d descrita abaixo. Por favor inclua o seu nome, endere\u00e7o de correio electr\u00f3nico e endere\u00e7o postal se nos enviar o seu pedido por correio electr\u00f3nico ou correio postal.<\/p>\n<\/li>\n<li>\n<p data-fontsize=\"16\" data-lineheight=\"22.4px\">Privacidade Infantil<\/p>\n<p>Este website n\u00e3o est\u00e1 direcionado a crian\u00e7as com menos de treze anos e n\u00e3o recolhemos informa\u00e7\u00e3o pessoal de crian\u00e7as com menos de treze anos no website. Se formos notificados que recolhemos informa\u00e7\u00e3o pessoal inadvertidamente de um visitante com menos de treze anos neste website, iremos remover essa informa\u00e7\u00e3o dos nossos registos.<\/p>\n<\/li>\n<li>\n<p data-fontsize=\"16\" data-lineheight=\"22.4px\">Actualiza\u00e7\u00f5es ao nosso Aviso de Privacidade<\/p>\n<p>Este Aviso de Privacidade poder\u00e1 ser atualizado periodicamente e sem ser necess\u00e1rio um aviso pr\u00e9vio a si, para refletir mudan\u00e7as nas nossas pr\u00e1ticas relacionadas com a informa\u00e7\u00e3o pessoal ou para refletir mudan\u00e7as em leis relevantes. Iremos colocar um aviso proeminente no website para o notificar de mudan\u00e7as significativas ao nosso Aviso de Privacidade e indicaremos no final do aviso, quando foi efetuada a actualiza\u00e7\u00e3o.<\/p>\n<\/li>\n<li>\n<p data-fontsize=\"16\" data-lineheight=\"22.4px\">Lei Governamental e Jurisdi\u00e7\u00e3o<\/p>\n<p>Este Aviso de Privacidade ser\u00e1 regido pela Lei Portuguesa. Disputas que surjam sob ou em conex\u00e3o com este Aviso de Privacidade (incluindo disputas n\u00e3o contratuais) estar\u00e3o sujeitas aos tribunais n\u00e3o exclusivos de Portugal, verificando-se, que o mesmo n\u00e3o afetar\u00e1 o direito de qualquer parte a um processo em qualquer local de jurisdi\u00e7\u00e3o competente sob a lei de procedimentos aplic\u00e1vel.<\/p>\n<\/li>\n<li>\n<p data-fontsize=\"16\" data-lineheight=\"22.4px\">Como Contactar-nos<\/p>\n<p>Se tiver qualquer quest\u00e3o, coment\u00e1rio ou queixa acerca deste Aviso de Privacidade ou este Website, por favor contacte-nos:<\/p>\n<p>E-mail: <a href=\"mailto:info@dimensionoscope.com\">info@dimensionoscope.com<\/a><\/p>\n<p>N\u00famero de Telefone: (+351) 22 532 27 36<\/p>\n<p>Obrigado por nos visitar em www.dimensionoscope.com<\/p>\n<\/li>\n<\/ol>\n<p><em>\u00daltima Modifica\u00e7\u00e3o: 11 de dezembro, 2023<\/em><\/p>\n<\/div>\n<\/section>\n<\/div>\n<\/div>\n<\/div>\n<\/div><\/div><\/div><\/div><div class = \"tatsu-column-bg-image-wrap\"><div class = \"tatsu-column-bg-image\" ><\/div><\/div><div class=\"tatsu-overlay tatsu-column-overlay tatsu-animate-none\" ><\/div><\/div><style>.tatsu-row > .tatsu-H1dDAe6kp.tatsu-column{width: 100%;}.tatsu-H1dDAe6kp.tatsu-column > .tatsu-column-inner > .tatsu-column-overlay{mix-blend-mode: normal;}.tatsu-H1dDAe6kp > .tatsu-column-inner > .tatsu-top-divider{z-index: 9999;}.tatsu-H1dDAe6kp > .tatsu-column-inner > .tatsu-bottom-divider{z-index: 9999;}.tatsu-H1dDAe6kp > .tatsu-column-inner > .tatsu-left-divider{z-index: 9999;}.tatsu-H1dDAe6kp > .tatsu-column-inner > .tatsu-right-divider{z-index: 9999;}@media only screen and (max-width:1377px) {.tatsu-row > .tatsu-H1dDAe6kp.tatsu-column{width: 100%;}}@media only screen and (min-width:768px) and (max-width: 1024px) {.tatsu-row > .tatsu-H1dDAe6kp.tatsu-column{width: 100%;}}@media only screen and (max-width: 767px) {.tatsu-row > .tatsu-H1dDAe6kp.tatsu-column{width: 100%;}}<\/style><\/div><\/div><\/div><\/div><div class=\"tatsu-section-background-wrap\"><div class = \"tatsu-section-background\" ><\/div><\/div><div class=\"tatsu-overlay tatsu-section-overlay\"><\/div><style>.tatsu-SJbdwClay6 .tatsu-section-pad{padding: 150px 0px 300px 0px;}.tatsu-SJbdwClay6 .tatsu-section-offset-wrap{transform: translateY(-0px);}.tatsu-SJbdwClay6 > .tatsu-bottom-divider{z-index: 9999;}.tatsu-SJbdwClay6 > .tatsu-top-divider{z-index: 9999;}.tatsu-SJbdwClay6 .tatsu-section-overlay{mix-blend-mode: normal;}<\/style><\/div>","protected":false},"excerpt":{"rendered":"<p><a href=\"https:\/\/dimensionoscope.com\/en\/politica-de-privacidade\/\" class=\"more-link style2-button\">Read More<\/a><\/p>","protected":false},"author":1,"featured_media":0,"parent":0,"menu_order":0,"comment_status":"closed","ping_status":"closed","template":"","meta":{"footnotes":""},"class_list":["post-4598","page","type-page","status-publish","hentry"],"yoast_head":"<!-- This site is optimized with the Yoast SEO plugin v27.5 - https:\/\/yoast.com\/product\/yoast-seo-wordpress\/ -->\n<title>Pol\u00edtica de privacidade - Dimensionoscope<\/title>\n<meta name=\"robots\" content=\"index, follow, max-snippet:-1, max-image-preview:large, max-video-preview:-1\" \/>\n<link rel=\"canonical\" href=\"https:\/\/dimensionoscope.com\/en\/politica-de-privacidade\/\" \/>\n<meta property=\"og:locale\" content=\"en_GB\" \/>\n<meta property=\"og:type\" content=\"article\" \/>\n<meta property=\"og:title\" content=\"Pol\u00edtica de privacidade - Dimensionoscope\" \/>\n<meta property=\"og:url\" content=\"https:\/\/dimensionoscope.com\/en\/politica-de-privacidade\/\" \/>\n<meta property=\"og:site_name\" content=\"Dimensionoscope\" \/>\n<meta property=\"article:modified_time\" content=\"2023-12-10T22:20:23+00:00\" \/>\n<meta name=\"twitter:card\" content=\"summary_large_image\" \/>\n<meta name=\"twitter:label1\" content=\"Estimated reading time\" \/>\n\t<meta name=\"twitter:data1\" content=\"14 minutes\" \/>\n<script type=\"application\/ld+json\" class=\"yoast-schema-graph\">{\"@context\":\"https:\\\/\\\/schema.org\",\"@graph\":[{\"@type\":\"WebPage\",\"@id\":\"https:\\\/\\\/dimensionoscope.com\\\/politica-de-privacidade\\\/\",\"url\":\"https:\\\/\\\/dimensionoscope.com\\\/politica-de-privacidade\\\/\",\"name\":\"Pol\u00edtica de privacidade - Dimensionoscope\",\"isPartOf\":{\"@id\":\"https:\\\/\\\/dimensionoscope.com\\\/#website\"},\"datePublished\":\"2023-12-10T20:25:18+00:00\",\"dateModified\":\"2023-12-10T22:20:23+00:00\",\"breadcrumb\":{\"@id\":\"https:\\\/\\\/dimensionoscope.com\\\/politica-de-privacidade\\\/#breadcrumb\"},\"inLanguage\":\"en-GB\",\"potentialAction\":[{\"@type\":\"ReadAction\",\"target\":[\"https:\\\/\\\/dimensionoscope.com\\\/politica-de-privacidade\\\/\"]}]},{\"@type\":\"BreadcrumbList\",\"@id\":\"https:\\\/\\\/dimensionoscope.com\\\/politica-de-privacidade\\\/#breadcrumb\",\"itemListElement\":[{\"@type\":\"ListItem\",\"position\":1,\"name\":\"In\u00edcio\",\"item\":\"https:\\\/\\\/dimensionoscope.com\\\/\"},{\"@type\":\"ListItem\",\"position\":2,\"name\":\"Pol\u00edtica de privacidade\"}]},{\"@type\":\"WebSite\",\"@id\":\"https:\\\/\\\/dimensionoscope.com\\\/#website\",\"url\":\"https:\\\/\\\/dimensionoscope.com\\\/\",\"name\":\"Dimensionoscope\",\"description\":\"\",\"publisher\":{\"@id\":\"https:\\\/\\\/dimensionoscope.com\\\/#organization\"},\"potentialAction\":[{\"@type\":\"SearchAction\",\"target\":{\"@type\":\"EntryPoint\",\"urlTemplate\":\"https:\\\/\\\/dimensionoscope.com\\\/?s={search_term_string}\"},\"query-input\":{\"@type\":\"PropertyValueSpecification\",\"valueRequired\":true,\"valueName\":\"search_term_string\"}}],\"inLanguage\":\"en-GB\"},{\"@type\":\"Organization\",\"@id\":\"https:\\\/\\\/dimensionoscope.com\\\/#organization\",\"name\":\"Dimensionoscope\",\"url\":\"https:\\\/\\\/dimensionoscope.com\\\/\",\"logo\":{\"@type\":\"ImageObject\",\"inLanguage\":\"en-GB\",\"@id\":\"https:\\\/\\\/dimensionoscope.com\\\/#\\\/schema\\\/logo\\\/image\\\/\",\"url\":\"https:\\\/\\\/dimensionoscope.com\\\/wp-content\\\/uploads\\\/2023\\\/10\\\/Dimension-o-scope-VF-01.png\",\"contentUrl\":\"https:\\\/\\\/dimensionoscope.com\\\/wp-content\\\/uploads\\\/2023\\\/10\\\/Dimension-o-scope-VF-01.png\",\"width\":799,\"height\":257,\"caption\":\"Dimensionoscope\"},\"image\":{\"@id\":\"https:\\\/\\\/dimensionoscope.com\\\/#\\\/schema\\\/logo\\\/image\\\/\"}}]}<\/script>\n<!-- \/ Yoast SEO plugin. -->","yoast_head_json":{"title":"Pol\u00edtica de privacidade - Dimensionoscope","robots":{"index":"index","follow":"follow","max-snippet":"max-snippet:-1","max-image-preview":"max-image-preview:large","max-video-preview":"max-video-preview:-1"},"canonical":"https:\/\/dimensionoscope.com\/en\/politica-de-privacidade\/","og_locale":"en_GB","og_type":"article","og_title":"Pol\u00edtica de privacidade - Dimensionoscope","og_url":"https:\/\/dimensionoscope.com\/en\/politica-de-privacidade\/","og_site_name":"Dimensionoscope","article_modified_time":"2023-12-10T22:20:23+00:00","twitter_card":"summary_large_image","twitter_misc":{"Estimated reading time":"14 minutes"},"schema":{"@context":"https:\/\/schema.org","@graph":[{"@type":"WebPage","@id":"https:\/\/dimensionoscope.com\/politica-de-privacidade\/","url":"https:\/\/dimensionoscope.com\/politica-de-privacidade\/","name":"Pol\u00edtica de privacidade - Dimensionoscope","isPartOf":{"@id":"https:\/\/dimensionoscope.com\/#website"},"datePublished":"2023-12-10T20:25:18+00:00","dateModified":"2023-12-10T22:20:23+00:00","breadcrumb":{"@id":"https:\/\/dimensionoscope.com\/politica-de-privacidade\/#breadcrumb"},"inLanguage":"en-GB","potentialAction":[{"@type":"ReadAction","target":["https:\/\/dimensionoscope.com\/politica-de-privacidade\/"]}]},{"@type":"BreadcrumbList","@id":"https:\/\/dimensionoscope.com\/politica-de-privacidade\/#breadcrumb","itemListElement":[{"@type":"ListItem","position":1,"name":"In\u00edcio","item":"https:\/\/dimensionoscope.com\/"},{"@type":"ListItem","position":2,"name":"Pol\u00edtica de privacidade"}]},{"@type":"WebSite","@id":"https:\/\/dimensionoscope.com\/#website","url":"https:\/\/dimensionoscope.com\/","name":"Dimensionoscope","description":"","publisher":{"@id":"https:\/\/dimensionoscope.com\/#organization"},"potentialAction":[{"@type":"SearchAction","target":{"@type":"EntryPoint","urlTemplate":"https:\/\/dimensionoscope.com\/?s={search_term_string}"},"query-input":{"@type":"PropertyValueSpecification","valueRequired":true,"valueName":"search_term_string"}}],"inLanguage":"en-GB"},{"@type":"Organization","@id":"https:\/\/dimensionoscope.com\/#organization","name":"Dimensionoscope","url":"https:\/\/dimensionoscope.com\/","logo":{"@type":"ImageObject","inLanguage":"en-GB","@id":"https:\/\/dimensionoscope.com\/#\/schema\/logo\/image\/","url":"https:\/\/dimensionoscope.com\/wp-content\/uploads\/2023\/10\/Dimension-o-scope-VF-01.png","contentUrl":"https:\/\/dimensionoscope.com\/wp-content\/uploads\/2023\/10\/Dimension-o-scope-VF-01.png","width":799,"height":257,"caption":"Dimensionoscope"},"image":{"@id":"https:\/\/dimensionoscope.com\/#\/schema\/logo\/image\/"}}]}},"_links":{"self":[{"href":"https:\/\/dimensionoscope.com\/en\/wp-json\/wp\/v2\/pages\/4598","targetHints":{"allow":["GET"]}}],"collection":[{"href":"https:\/\/dimensionoscope.com\/en\/wp-json\/wp\/v2\/pages"}],"about":[{"href":"https:\/\/dimensionoscope.com\/en\/wp-json\/wp\/v2\/types\/page"}],"author":[{"embeddable":true,"href":"https:\/\/dimensionoscope.com\/en\/wp-json\/wp\/v2\/users\/1"}],"replies":[{"embeddable":true,"href":"https:\/\/dimensionoscope.com\/en\/wp-json\/wp\/v2\/comments?post=4598"}],"version-history":[{"count":4,"href":"https:\/\/dimensionoscope.com\/en\/wp-json\/wp\/v2\/pages\/4598\/revisions"}],"predecessor-version":[{"id":4608,"href":"https:\/\/dimensionoscope.com\/en\/wp-json\/wp\/v2\/pages\/4598\/revisions\/4608"}],"wp:attachment":[{"href":"https:\/\/dimensionoscope.com\/en\/wp-json\/wp\/v2\/media?parent=4598"}],"curies":[{"name":"wp","href":"https:\/\/api.w.org\/{rel}","templated":true}]}}